{"id":729,"date":"2019-01-14T09:59:03","date_gmt":"2019-01-14T07:59:03","guid":{"rendered":"https:\/\/www.tiskarna-fermata.cz\/?page_id=729\/"},"modified":"2025-07-29T12:24:42","modified_gmt":"2025-07-29T10:24:42","slug":"contact","status":"publish","type":"page","link":"https:\/\/www.tiskarna-fermata.cz\/en\/contact\/","title":{"rendered":"Contact"},"content":{"rendered":"<div class=\"row\">\n<div class=\"col-xs-12 col-sm-6\">\n<h2 class=\"h3\">FERMATA, a.s.<\/h2>\n<p>Z\u00e1rubova 1678<br \/>\n250&nbsp;88 \u010cel\u00e1kovice<br \/>\nCzech Republic<\/p>\n<p>phone: <a href=\"tel:+420&nbsp;326&nbsp;901&nbsp;311\">+420&nbsp;326&nbsp;901&nbsp;311<\/a><br \/>\nfax: +420&nbsp;326&nbsp;992&nbsp;256<br \/>\ne-mail: <a href=\"mailto:cdf@fermata.cz\">cdf@fermata.cz<\/a><br \/>\n<a href=\"http:\/\/www.fermata.cz\/\" target=\"_blank\" rel=\"noopener noreferrer\">www.fermata.cz<\/a><\/p>\n<p><a href=\"https:\/\/www.tiskarna-fermata.cz\/en\/about-us-1\/sales-department\/\">Contacts to the commercial department<\/a><\/p>\n<p>ID: 60196351<br \/>\nTax ID: CZ 60196351<\/p>\n<p>File reference: B 2496 administered by the Municipal Court in Prague<br \/>\nDate of registration: March&nbsp;29, 1994<\/p>\n<p><a href=\"https:\/\/www.tiskarna-fermata.cz\/wp-content\/uploads\/2019\/09\/GDPR_ENG.pdf\">GDPR<\/a><\/p>\n<\/div>\n<div class=\"col-xs-12 col-sm-6\"><iframe loading=\"lazy\" style=\"border: 0;\" src=\"https:\/\/www.google.com\/maps\/embed?pb=!1m18!1m12!1m3!1d2555.852081770311!2d14.767099316101127!3d50.16390297943692!2m3!1f0!2f0!3f0!3m2!1i1024!2i768!4f13.1!3m3!1m2!1s0x470bf691b0416acf%3A0xe1a0f631a5284d9e!2sFERMATA%2C+a.s.!5e0!3m2!1scs!2scz!4v1491306456139\" width=\"100%\" height=\"450\" frameborder=\"0\" scrolling=\"no\" allowfullscreen=\"allowfullscreen\"><\/iframe><\/div>\n<\/div>\n","protected":false},"excerpt":{"rendered":"<p>FERMATA, a.s. Z\u00e1rubova 1678 250&nbsp;88 \u010cel\u00e1kovice Czech Republic phone: +420&nbsp;326&nbsp;901&nbsp;311 fax: +420&nbsp;326&nbsp;992&nbsp;256 e-mail: cdf@fermata.cz www.fermata.cz Contacts to the commercial department ID: 60196351 Tax ID: CZ 60196351 File reference: B 2496 administered by the Municipal Court in Prague Date of registration: March&nbsp;29, 1994 GDPR<\/p>\n","protected":false},"author":1,"featured_media":0,"parent":0,"menu_order":60,"comment_status":"closed","ping_status":"closed","template":"","meta":{"_acf_changed":false,"footnotes":""},"class_list":["post-729","page","type-page","status-publish","hentry"],"acf":[],"yoast_head":"<!-- This site is optimized with the Yoast SEO plugin v25.6 - https:\/\/yoast.com\/wordpress\/plugins\/seo\/ -->\n<title>Contact - Tisk\u00e1rna FERMATA<\/title>\n<meta name=\"description\" content=\"Contact - Tisk\u00e1rna FERMATA\" \/>\n<meta name=\"robots\" content=\"index, follow, max-snippet:-1, max-image-preview:large, max-video-preview:-1\" \/>\n<link rel=\"canonical\" href=\"https:\/\/www.tiskarna-fermata.cz\/contact\/\" \/>\n<meta property=\"og:locale\" content=\"en_US\" \/>\n<meta property=\"og:type\" content=\"article\" \/>\n<meta property=\"og:title\" content=\"Contact - Tisk\u00e1rna FERMATA\" \/>\n<meta property=\"og:description\" content=\"Contact - Tisk\u00e1rna FERMATA\" \/>\n<meta property=\"og:url\" content=\"https:\/\/www.tiskarna-fermata.cz\/contact\/\" \/>\n<meta property=\"og:site_name\" content=\"Tisk\u00e1rna FERMATA\" \/>\n<meta property=\"article:modified_time\" content=\"2025-07-29T10:24:42+00:00\" \/>\n<meta name=\"twitter:card\" content=\"summary_large_image\" \/>\n<script type=\"application\/ld+json\" class=\"yoast-schema-graph\">{\"@context\":\"https:\/\/schema.org\",\"@graph\":[{\"@type\":\"WebPage\",\"@id\":\"https:\/\/www.tiskarna-fermata.cz\/contact\/\",\"url\":\"https:\/\/www.tiskarna-fermata.cz\/contact\/\",\"name\":\"Contact - Tisk\u00e1rna FERMATA\",\"isPartOf\":{\"@id\":\"https:\/\/www.tiskarna-fermata.cz\/#website\"},\"datePublished\":\"2019-01-14T07:59:03+00:00\",\"dateModified\":\"2025-07-29T10:24:42+00:00\",\"description\":\"Contact - Tisk\u00e1rna FERMATA\",\"breadcrumb\":{\"@id\":\"https:\/\/www.tiskarna-fermata.cz\/contact\/#breadcrumb\"},\"inLanguage\":\"en-US\",\"potentialAction\":[{\"@type\":\"ReadAction\",\"target\":[\"https:\/\/www.tiskarna-fermata.cz\/contact\/\"]}]},{\"@type\":\"BreadcrumbList\",\"@id\":\"https:\/\/www.tiskarna-fermata.cz\/contact\/#breadcrumb\",\"itemListElement\":[{\"@type\":\"ListItem\",\"position\":1,\"name\":\"Home\",\"item\":\"https:\/\/www.print-fermata.eu\/uvod\/\"},{\"@type\":\"ListItem\",\"position\":2,\"name\":\"Contact\"}]},{\"@type\":\"WebSite\",\"@id\":\"https:\/\/www.tiskarna-fermata.cz\/#website\",\"url\":\"https:\/\/www.tiskarna-fermata.cz\/\",\"name\":\"Tisk\u00e1rna FERMATA\",\"description\":\"Polygrafick\u00e9 slu\u017eby\",\"potentialAction\":[{\"@type\":\"SearchAction\",\"target\":{\"@type\":\"EntryPoint\",\"urlTemplate\":\"https:\/\/www.tiskarna-fermata.cz\/?s={search_term_string}\"},\"query-input\":{\"@type\":\"PropertyValueSpecification\",\"valueRequired\":true,\"valueName\":\"search_term_string\"}}],\"inLanguage\":\"en-US\"}]}<\/script>\n<!-- \/ Yoast SEO plugin. -->","yoast_head_json":{"title":"Contact - Tisk\u00e1rna FERMATA","description":"Contact - Tisk\u00e1rna FERMATA","robots":{"index":"index","follow":"follow","max-snippet":"max-snippet:-1","max-image-preview":"max-image-preview:large","max-video-preview":"max-video-preview:-1"},"canonical":"https:\/\/www.tiskarna-fermata.cz\/contact\/","og_locale":"en_US","og_type":"article","og_title":"Contact - Tisk\u00e1rna FERMATA","og_description":"Contact - Tisk\u00e1rna FERMATA","og_url":"https:\/\/www.tiskarna-fermata.cz\/contact\/","og_site_name":"Tisk\u00e1rna FERMATA","article_modified_time":"2025-07-29T10:24:42+00:00","twitter_card":"summary_large_image","schema":{"@context":"https:\/\/schema.org","@graph":[{"@type":"WebPage","@id":"https:\/\/www.tiskarna-fermata.cz\/contact\/","url":"https:\/\/www.tiskarna-fermata.cz\/contact\/","name":"Contact - Tisk\u00e1rna FERMATA","isPartOf":{"@id":"https:\/\/www.tiskarna-fermata.cz\/#website"},"datePublished":"2019-01-14T07:59:03+00:00","dateModified":"2025-07-29T10:24:42+00:00","description":"Contact - Tisk\u00e1rna FERMATA","breadcrumb":{"@id":"https:\/\/www.tiskarna-fermata.cz\/contact\/#breadcrumb"},"inLanguage":"en-US","potentialAction":[{"@type":"ReadAction","target":["https:\/\/www.tiskarna-fermata.cz\/contact\/"]}]},{"@type":"BreadcrumbList","@id":"https:\/\/www.tiskarna-fermata.cz\/contact\/#breadcrumb","itemListElement":[{"@type":"ListItem","position":1,"name":"Home","item":"https:\/\/www.print-fermata.eu\/uvod\/"},{"@type":"ListItem","position":2,"name":"Contact"}]},{"@type":"WebSite","@id":"https:\/\/www.tiskarna-fermata.cz\/#website","url":"https:\/\/www.tiskarna-fermata.cz\/","name":"Tisk\u00e1rna FERMATA","description":"Polygrafick\u00e9 slu\u017eby","potentialAction":[{"@type":"SearchAction","target":{"@type":"EntryPoint","urlTemplate":"https:\/\/www.tiskarna-fermata.cz\/?s={search_term_string}"},"query-input":{"@type":"PropertyValueSpecification","valueRequired":true,"valueName":"search_term_string"}}],"inLanguage":"en-US"}]}},"_links":{"self":[{"href":"https:\/\/www.tiskarna-fermata.cz\/en\/wp-json\/wp\/v2\/pages\/729","targetHints":{"allow":["GET"]}}],"collection":[{"href":"https:\/\/www.tiskarna-fermata.cz\/en\/wp-json\/wp\/v2\/pages"}],"about":[{"href":"https:\/\/www.tiskarna-fermata.cz\/en\/wp-json\/wp\/v2\/types\/page"}],"author":[{"embeddable":true,"href":"https:\/\/www.tiskarna-fermata.cz\/en\/wp-json\/wp\/v2\/users\/1"}],"replies":[{"embeddable":true,"href":"https:\/\/www.tiskarna-fermata.cz\/en\/wp-json\/wp\/v2\/comments?post=729"}],"version-history":[{"count":7,"href":"https:\/\/www.tiskarna-fermata.cz\/en\/wp-json\/wp\/v2\/pages\/729\/revisions"}],"predecessor-version":[{"id":1460,"href":"https:\/\/www.tiskarna-fermata.cz\/en\/wp-json\/wp\/v2\/pages\/729\/revisions\/1460"}],"wp:attachment":[{"href":"https:\/\/www.tiskarna-fermata.cz\/en\/wp-json\/wp\/v2\/media?parent=729"}],"curies":[{"name":"wp","href":"https:\/\/api.w.org\/{rel}","templated":true}]}}