{"id":735,"date":"2019-01-14T10:09:59","date_gmt":"2019-01-14T08:09:59","guid":{"rendered":"https:\/\/www.tiskarna-fermata.cz\/?page_id=735\/"},"modified":"2021-12-22T15:59:11","modified_gmt":"2021-12-22T13:59:11","slug":"sales-department","status":"publish","type":"page","link":"https:\/\/www.tiskarna-fermata.cz\/en\/about-us-1\/sales-department\/","title":{"rendered":"Sales department"},"content":{"rendered":"<h2 class=\"h3\">Business Documents<\/h2>\n<ul class=\"pdflist\">\n<li><a href=\"\/wp-content\/uploads\/2019\/01\/WEB-Delivery-Terms_2015.pdf\">Terms of delivery FERMATA, a.s.<\/a><\/li>\n<li><a href=\"\/wp-content\/uploads\/2019\/01\/PRINTINGS-Order-Form.doc\">Order to download<\/a><\/li>\n<\/ul>\n<p>Please write to us:\u00a0<a href=\"\/contact\/#enquiry-form\">Inquiry form<\/a><\/p>\n<h2 class=\"h3\">Sales Department<\/h2>\n<div class=\"person\"><div class=\"person-name\">Jarom\u00edra Zindelov\u00e1 (CZ,\u00a0EN)<\/div>\n<div class=\"person-position\">sales manager, specialized printing production<\/div>\n<div class=\"person-phone\"><span class=\"person-line-desc\"><span class=\"glyphicon glyphicon-earphone\"><\/span> Phone: <\/span><a href=\"tel:+420326901362\">+420&nbsp;326&nbsp;901&nbsp;362<\/a><\/div>\n<div class=\"person-mobile\"><span class=\"person-line-desc\"><span class=\"glyphicon glyphicon-phone\"><\/span> Mobile: <\/span><a href=\"tel:+420733567957\">+420&nbsp;733&nbsp;567&nbsp;957<\/a><\/div>\n<div class=\"person-email\"><span class=\"person-line-desc\"><span class=\"glyphicon glyphicon-envelope\"><\/span> E-mail: <\/span><a href=\"mailto:zindelova@fermata.cz\">zindelova@fermata.cz<\/a><\/div><\/div>\n<div class=\"person\"><div class=\"person-name\">Gabriela Koukalov\u00e1 (CZ, EN)<\/div>\n<div class=\"person-position\">sales manager<\/div>\n<div class=\"person-phone\"><span class=\"person-line-desc\"><span class=\"glyphicon glyphicon-earphone\"><\/span> Phone: <\/span><a href=\"tel:+420326901300\">+420&nbsp;326&nbsp;901&nbsp;300<\/a><\/div>\n<div class=\"person-mobile\"><span class=\"person-line-desc\"><span class=\"glyphicon glyphicon-phone\"><\/span> Mobile: <\/span><a href=\"tel:+420602626038\">+420&nbsp;602&nbsp;626&nbsp;038<\/a><\/div>\n<div class=\"person-email\"><span class=\"person-line-desc\"><span class=\"glyphicon glyphicon-envelope\"><\/span> E-mail: <\/span><a href=\"mailto:koukalova@fermata.cz\">koukalova@fermata.cz<\/a><\/div><\/div>\n<div class=\"person\"><div class=\"person-name\">Lucyna Wadowiec (CZ, PL)<\/div>\n<div class=\"person-position\">marketing manager<\/div>\n<div class=\"person-phone\"><span class=\"person-line-desc\"><span class=\"glyphicon glyphicon-earphone\"><\/span> Phone: <\/span><a href=\"tel:+420326901302\">+420&nbsp;326&nbsp;901&nbsp;302<\/a><\/div>\n<div class=\"person-mobile\"><span class=\"person-line-desc\"><span class=\"glyphicon glyphicon-phone\"><\/span> Mobile: <\/span><a href=\"tel:+420602612650\">+420&nbsp;602&nbsp;612&nbsp;650<\/a><\/div>\n<div class=\"person-email\"><span class=\"person-line-desc\"><span class=\"glyphicon glyphicon-envelope\"><\/span> E-mail: <\/span><a href=\"mailto:wadowiec@fermata.cz\">wadowiec@fermata.cz<\/a><\/div><\/div>\n<div class=\"person\"><div class=\"person-name\">Jitka \u010c\u00ed\u017ekov\u00e1 (CZ, FR, EN)<\/div>\n<div class=\"person-position\">sales manager<\/div>\n<div class=\"person-phone\"><span class=\"person-line-desc\"><span class=\"glyphicon glyphicon-earphone\"><\/span> Phone: <\/span><a href=\"tel:+420326901345\">+420&nbsp;326&nbsp;901&nbsp;345<\/a><\/div>\n<div class=\"person-mobile\"><span class=\"person-line-desc\"><span class=\"glyphicon glyphicon-phone\"><\/span> Mobile: <\/span><a href=\"tel:+420\u00a0739465346\">+420\u00a0739&nbsp;465&nbsp;346<\/a><\/div>\n<div class=\"person-email\"><span class=\"person-line-desc\"><span class=\"glyphicon glyphicon-envelope\"><\/span> E-mail: <\/span><a href=\"mailto:cizkova@fermata.cz\">cizkova@fermata.cz<\/a><\/div><\/div>\n<div class=\"person\"><div class=\"person-name\">Nikola Fi\u0161erov\u00e1 (CZ, FR, EN)<\/div>\n<div class=\"person-position\">sales manager<\/div>\n<div class=\"person-phone\"><span class=\"person-line-desc\"><span class=\"glyphicon glyphicon-earphone\"><\/span> Phone: <\/span><a href=\"tel:+420326901310\">+420&nbsp;326&nbsp;901&nbsp;310<\/a><\/div>\n<div class=\"person-mobile\"><span class=\"person-line-desc\"><span class=\"glyphicon glyphicon-phone\"><\/span> Mobile: <\/span><a href=\"tel:+420724865418\">+420&nbsp;724&nbsp;865&nbsp;418<\/a><\/div>\n<div class=\"person-email\"><span class=\"person-line-desc\"><span class=\"glyphicon glyphicon-envelope\"><\/span> E-mail: <\/span><a href=\"mailto:fiserova@fermata.cz\">fiserova@fermata.cz<\/a><\/div><\/div>\n<div class=\"person\"><div class=\"person-name\">Renata Jir\u00e1kov\u00e1 (CZ, EN)<\/div>\n<div class=\"person-position\">sales manager<\/div>\n<div class=\"person-phone\"><span class=\"person-line-desc\"><span class=\"glyphicon glyphicon-earphone\"><\/span> Phone: <\/span><a href=\"tel:+420326901354\">+420&nbsp;326&nbsp;901&nbsp;354<\/a><\/div>\n<div class=\"person-mobile\"><span class=\"person-line-desc\"><span class=\"glyphicon glyphicon-phone\"><\/span> Mobile: <\/span><a href=\"tel:+420734267661\">+420&nbsp;734&nbsp;267&nbsp;661<\/a><\/div>\n<div class=\"person-email\"><span class=\"person-line-desc\"><span class=\"glyphicon glyphicon-envelope\"><\/span> E-mail: <\/span><a href=\"mailto:jirakova@fermata.cz\">jirakova@fermata.cz<\/a><\/div><\/div>\n<div class=\"person\"><div class=\"person-name\">Marianna Lipoldov\u00e1 (CZ, DE)<\/div>\n<div class=\"person-position\">sales manager<\/div>\n<div class=\"person-phone\"><span class=\"person-line-desc\"><span class=\"glyphicon glyphicon-earphone\"><\/span> Phone: <\/span><a href=\"tel:+420326901394\">+420&nbsp;326&nbsp;901&nbsp;394<\/a><\/div>\n<div class=\"person-mobile\"><span class=\"person-line-desc\"><span class=\"glyphicon glyphicon-phone\"><\/span> Mobile: <\/span><a href=\"tel:+420602370749\">+420&nbsp;602&nbsp;370&nbsp;749<\/a><\/div>\n<div class=\"person-email\"><span class=\"person-line-desc\"><span class=\"glyphicon glyphicon-envelope\"><\/span> E-mail: <\/span><a href=\"mailto:lipoldova@fermata.cz\">lipoldova@fermata.cz<\/a><\/div><\/div>\n<div class=\"person\"><div class=\"person-name\">Jana M\u00fcllerov\u00e1\u00a0(CZ, DE)<\/div>\n<div class=\"person-position\">sales manager<\/div>\n<div class=\"person-phone\"><span class=\"person-line-desc\"><span class=\"glyphicon glyphicon-earphone\"><\/span> Phone: <\/span><a href=\"tel:+420326901317\">+420&nbsp;326&nbsp;901&nbsp;317<\/a><\/div>\n<div class=\"person-mobile\"><span class=\"person-line-desc\"><span class=\"glyphicon glyphicon-phone\"><\/span> Mobile: <\/span><a href=\"tel:+420\u00a0724360643\">+420\u00a0724&nbsp;360&nbsp;643<\/a><\/div>\n<div class=\"person-email\"><span class=\"person-line-desc\"><span class=\"glyphicon glyphicon-envelope\"><\/span> E-mail: <\/span><a href=\"mailto:mullerova@fermata.cz\">mullerova@fermata.cz<\/a><\/div><\/div>\n<div class=\"person\"><div class=\"person-name\">Kamila Palasov\u00e1 (CZ, DE, IT)<\/div>\n<div class=\"person-position\">sales manager<\/div>\n<div class=\"person-phone\"><span class=\"person-line-desc\"><span class=\"glyphicon glyphicon-earphone\"><\/span> Phone: <\/span><a href=\"tel:+420326901303\">+420&nbsp;326&nbsp;901&nbsp;303<\/a><\/div>\n<div class=\"person-mobile\"><span class=\"person-line-desc\"><span class=\"glyphicon glyphicon-phone\"><\/span> Mobile: <\/span><a href=\"tel:+420724865384\">+420&nbsp;724&nbsp;865&nbsp;384<\/a><\/div>\n<div class=\"person-email\"><span class=\"person-line-desc\"><span class=\"glyphicon glyphicon-envelope\"><\/span> E-mail: <\/span><a href=\"mailto:palasovak@fermata.cz\">palasovak@fermata.cz<\/a><\/div><\/div>\n<div class=\"person\"><div class=\"person-name\">Veronika Rouskov\u00e1 (CZ, EN)<\/div>\n<div class=\"person-position\">marketing manager<\/div>\n<div class=\"person-phone\"><span class=\"person-line-desc\"><span class=\"glyphicon glyphicon-earphone\"><\/span> Phone: <\/span><a href=\"tel:+420326901383\">+420&nbsp;326&nbsp;901&nbsp;383<\/a><\/div>\n<div class=\"person-mobile\"><span class=\"person-line-desc\"><span class=\"glyphicon glyphicon-phone\"><\/span> Mobile: <\/span><a href=\"tel:+420725556474\">+420&nbsp;725&nbsp;556&nbsp;474<\/a><\/div>\n<div class=\"person-email\"><span class=\"person-line-desc\"><span class=\"glyphicon glyphicon-envelope\"><\/span> E-mail: <\/span><a href=\"mailto:rouskova@fermata.cz\">rouskova@fermata.cz<\/a><\/div><\/div>\n<div class=\"person\"><div class=\"person-name\">Barbora \u0160tenglov\u00e1 (CZ, DE)<\/div>\n<div class=\"person-position\">sales manager<\/div>\n<div class=\"person-phone\"><span class=\"person-line-desc\"><span class=\"glyphicon glyphicon-earphone\"><\/span> Phone: <\/span><a href=\"tel:+420326901301\">+420&nbsp;326&nbsp;901&nbsp;301<\/a><\/div>\n<div class=\"person-mobile\"><span class=\"person-line-desc\"><span class=\"glyphicon glyphicon-phone\"><\/span> Mobile: <\/span><a href=\"tel:+420734393905\">+420&nbsp;734&nbsp;393&nbsp;905<\/a><\/div>\n<div class=\"person-email\"><span class=\"person-line-desc\"><span class=\"glyphicon glyphicon-envelope\"><\/span> E-mail: <\/span><a href=\"mailto:stenglova@fermata.cz\">stenglova@fermata.cz<\/a><\/div><\/div>\n<div class=\"person\"><div class=\"person-name\">\u0160t\u011bp\u00e1nka Val\u00edkov\u00e1 (CZ, EN)<\/div>\n<div class=\"person-position\">sales manager<\/div>\n<div class=\"person-phone\"><span class=\"person-line-desc\"><span class=\"glyphicon glyphicon-earphone\"><\/span> Phone: <\/span><a href=\"tel:+420326901386\">+420&nbsp;326&nbsp;901&nbsp;386<\/a><\/div>\n<div class=\"person-mobile\"><span class=\"person-line-desc\"><span class=\"glyphicon glyphicon-phone\"><\/span> Mobile: <\/span><a href=\"tel:+420724159737\">+420&nbsp;724&nbsp;159&nbsp;737<\/a><\/div>\n<div class=\"person-email\"><span class=\"person-line-desc\"><span class=\"glyphicon glyphicon-envelope\"><\/span> E-mail: <\/span><a href=\"mailto:valikova@fermata.cz\">valikova@fermata.cz<\/a><\/div><\/div>\n<div class=\"person\"><div class=\"person-name\">Martin Spilka (CZ, EN)<\/div>\n<div class=\"person-position\">purchase manager<\/div>\n<div class=\"person-phone\"><span class=\"person-line-desc\"><span class=\"glyphicon glyphicon-earphone\"><\/span> Phone: <\/span><a href=\"tel:+420326901378\">+420&nbsp;326&nbsp;901&nbsp;378<\/a><\/div>\n<div class=\"person-mobile\"><span class=\"person-line-desc\"><span class=\"glyphicon glyphicon-phone\"><\/span> Mobile: <\/span><a href=\"tel:+420608769129\">+420&nbsp;608&nbsp;769&nbsp;129<\/a><\/div>\n<div class=\"person-email\"><span class=\"person-line-desc\"><span class=\"glyphicon glyphicon-envelope\"><\/span> E-mail: <\/span><a href=\"mailto:spilka@fermata.cz\">spilka@fermata.cz<\/a><\/div><\/div>\n","protected":false},"excerpt":{"rendered":"<p>Business Documents Terms of delivery FERMATA, a.s. Order to download Please write to us:\u00a0Inquiry form Sales Department<\/p>\n","protected":false},"author":1,"featured_media":0,"parent":731,"menu_order":20,"comment_status":"closed","ping_status":"closed","template":"","meta":{"_acf_changed":false,"footnotes":""},"class_list":["post-735","page","type-page","status-publish","hentry"],"acf":[],"yoast_head":"<!-- This site is optimized with the Yoast SEO plugin v25.6 - https:\/\/yoast.com\/wordpress\/plugins\/seo\/ -->\n<title>Sales department - Tisk\u00e1rna FERMATA<\/title>\n<meta name=\"description\" content=\"Sales department - Tisk\u00e1rna FERMATA\" \/>\n<meta name=\"robots\" content=\"index, follow, max-snippet:-1, max-image-preview:large, max-video-preview:-1\" \/>\n<link rel=\"canonical\" href=\"https:\/\/www.tiskarna-fermata.cz\/about-us-1\/sales-department\/\" \/>\n<meta property=\"og:locale\" content=\"en_US\" \/>\n<meta property=\"og:type\" content=\"article\" \/>\n<meta property=\"og:title\" content=\"Sales department - Tisk\u00e1rna FERMATA\" \/>\n<meta property=\"og:description\" content=\"Sales department - Tisk\u00e1rna FERMATA\" \/>\n<meta property=\"og:url\" content=\"https:\/\/www.tiskarna-fermata.cz\/about-us-1\/sales-department\/\" \/>\n<meta property=\"og:site_name\" content=\"Tisk\u00e1rna FERMATA\" \/>\n<meta property=\"article:modified_time\" content=\"2021-12-22T13:59:11+00:00\" \/>\n<meta name=\"twitter:card\" content=\"summary_large_image\" \/>\n<meta name=\"twitter:label1\" content=\"Est. reading time\" \/>\n\t<meta name=\"twitter:data1\" content=\"2 minutes\" \/>\n<script type=\"application\/ld+json\" class=\"yoast-schema-graph\">{\"@context\":\"https:\/\/schema.org\",\"@graph\":[{\"@type\":\"WebPage\",\"@id\":\"https:\/\/www.tiskarna-fermata.cz\/about-us-1\/sales-department\/\",\"url\":\"https:\/\/www.tiskarna-fermata.cz\/about-us-1\/sales-department\/\",\"name\":\"Sales department - Tisk\u00e1rna FERMATA\",\"isPartOf\":{\"@id\":\"https:\/\/www.tiskarna-fermata.cz\/#website\"},\"datePublished\":\"2019-01-14T08:09:59+00:00\",\"dateModified\":\"2021-12-22T13:59:11+00:00\",\"description\":\"Sales department - Tisk\u00e1rna FERMATA\",\"breadcrumb\":{\"@id\":\"https:\/\/www.tiskarna-fermata.cz\/about-us-1\/sales-department\/#breadcrumb\"},\"inLanguage\":\"en-US\",\"potentialAction\":[{\"@type\":\"ReadAction\",\"target\":[\"https:\/\/www.tiskarna-fermata.cz\/about-us-1\/sales-department\/\"]}]},{\"@type\":\"BreadcrumbList\",\"@id\":\"https:\/\/www.tiskarna-fermata.cz\/about-us-1\/sales-department\/#breadcrumb\",\"itemListElement\":[{\"@type\":\"ListItem\",\"position\":1,\"name\":\"Home\",\"item\":\"https:\/\/www.print-fermata.eu\/uvod\/\"},{\"@type\":\"ListItem\",\"position\":2,\"name\":\"About us\",\"item\":\"https:\/\/www.tiskarna-fermata.cz\/about-us-1\/\"},{\"@type\":\"ListItem\",\"position\":3,\"name\":\"Sales department\"}]},{\"@type\":\"WebSite\",\"@id\":\"https:\/\/www.tiskarna-fermata.cz\/#website\",\"url\":\"https:\/\/www.tiskarna-fermata.cz\/\",\"name\":\"Tisk\u00e1rna FERMATA\",\"description\":\"Polygrafick\u00e9 slu\u017eby\",\"potentialAction\":[{\"@type\":\"SearchAction\",\"target\":{\"@type\":\"EntryPoint\",\"urlTemplate\":\"https:\/\/www.tiskarna-fermata.cz\/?s={search_term_string}\"},\"query-input\":{\"@type\":\"PropertyValueSpecification\",\"valueRequired\":true,\"valueName\":\"search_term_string\"}}],\"inLanguage\":\"en-US\"}]}<\/script>\n<!-- \/ Yoast SEO plugin. -->","yoast_head_json":{"title":"Sales department - Tisk\u00e1rna FERMATA","description":"Sales department - Tisk\u00e1rna FERMATA","robots":{"index":"index","follow":"follow","max-snippet":"max-snippet:-1","max-image-preview":"max-image-preview:large","max-video-preview":"max-video-preview:-1"},"canonical":"https:\/\/www.tiskarna-fermata.cz\/about-us-1\/sales-department\/","og_locale":"en_US","og_type":"article","og_title":"Sales department - Tisk\u00e1rna FERMATA","og_description":"Sales department - Tisk\u00e1rna FERMATA","og_url":"https:\/\/www.tiskarna-fermata.cz\/about-us-1\/sales-department\/","og_site_name":"Tisk\u00e1rna FERMATA","article_modified_time":"2021-12-22T13:59:11+00:00","twitter_card":"summary_large_image","twitter_misc":{"Est. reading time":"2 minutes"},"schema":{"@context":"https:\/\/schema.org","@graph":[{"@type":"WebPage","@id":"https:\/\/www.tiskarna-fermata.cz\/about-us-1\/sales-department\/","url":"https:\/\/www.tiskarna-fermata.cz\/about-us-1\/sales-department\/","name":"Sales department - Tisk\u00e1rna FERMATA","isPartOf":{"@id":"https:\/\/www.tiskarna-fermata.cz\/#website"},"datePublished":"2019-01-14T08:09:59+00:00","dateModified":"2021-12-22T13:59:11+00:00","description":"Sales department - Tisk\u00e1rna FERMATA","breadcrumb":{"@id":"https:\/\/www.tiskarna-fermata.cz\/about-us-1\/sales-department\/#breadcrumb"},"inLanguage":"en-US","potentialAction":[{"@type":"ReadAction","target":["https:\/\/www.tiskarna-fermata.cz\/about-us-1\/sales-department\/"]}]},{"@type":"BreadcrumbList","@id":"https:\/\/www.tiskarna-fermata.cz\/about-us-1\/sales-department\/#breadcrumb","itemListElement":[{"@type":"ListItem","position":1,"name":"Home","item":"https:\/\/www.print-fermata.eu\/uvod\/"},{"@type":"ListItem","position":2,"name":"About us","item":"https:\/\/www.tiskarna-fermata.cz\/about-us-1\/"},{"@type":"ListItem","position":3,"name":"Sales department"}]},{"@type":"WebSite","@id":"https:\/\/www.tiskarna-fermata.cz\/#website","url":"https:\/\/www.tiskarna-fermata.cz\/","name":"Tisk\u00e1rna FERMATA","description":"Polygrafick\u00e9 slu\u017eby","potentialAction":[{"@type":"SearchAction","target":{"@type":"EntryPoint","urlTemplate":"https:\/\/www.tiskarna-fermata.cz\/?s={search_term_string}"},"query-input":{"@type":"PropertyValueSpecification","valueRequired":true,"valueName":"search_term_string"}}],"inLanguage":"en-US"}]}},"_links":{"self":[{"href":"https:\/\/www.tiskarna-fermata.cz\/en\/wp-json\/wp\/v2\/pages\/735","targetHints":{"allow":["GET"]}}],"collection":[{"href":"https:\/\/www.tiskarna-fermata.cz\/en\/wp-json\/wp\/v2\/pages"}],"about":[{"href":"https:\/\/www.tiskarna-fermata.cz\/en\/wp-json\/wp\/v2\/types\/page"}],"author":[{"embeddable":true,"href":"https:\/\/www.tiskarna-fermata.cz\/en\/wp-json\/wp\/v2\/users\/1"}],"replies":[{"embeddable":true,"href":"https:\/\/www.tiskarna-fermata.cz\/en\/wp-json\/wp\/v2\/comments?post=735"}],"version-history":[{"count":16,"href":"https:\/\/www.tiskarna-fermata.cz\/en\/wp-json\/wp\/v2\/pages\/735\/revisions"}],"predecessor-version":[{"id":1507,"href":"https:\/\/www.tiskarna-fermata.cz\/en\/wp-json\/wp\/v2\/pages\/735\/revisions\/1507"}],"up":[{"embeddable":true,"href":"https:\/\/www.tiskarna-fermata.cz\/en\/wp-json\/wp\/v2\/pages\/731"}],"wp:attachment":[{"href":"https:\/\/www.tiskarna-fermata.cz\/en\/wp-json\/wp\/v2\/media?parent=735"}],"curies":[{"name":"wp","href":"https:\/\/api.w.org\/{rel}","templated":true}]}}