{"id":741,"date":"2019-01-14T10:19:32","date_gmt":"2019-01-14T08:19:32","guid":{"rendered":"https:\/\/www.tiskarna-fermata.cz\/?page_id=741\/"},"modified":"2021-08-18T12:02:33","modified_gmt":"2021-08-18T10:02:33","slug":"printing-services","status":"publish","type":"page","link":"https:\/\/www.tiskarna-fermata.cz\/en\/printing-services\/","title":{"rendered":"Printing services"},"content":{"rendered":"<a class=\"sectionanchor\" id=\"pre-printing-services\" data-level=\"1\"><\/a>\n<h2>pre-printing services<\/h2>\n<a class=\"sectionanchor\" id=\"dtp\" data-level=\"2\"><\/a>\n<h3>DTP<\/h3>\n<p>We provide comprehensive services including graphic and pre-print preparation.<br \/>\nWe also provide review of graphic data supplied by you including reviewing the quality of the supplied image files (colour scale, image quality, size etc.) prior to printing. We do not provide grammatical or stylistic proofreading.<\/p>\n<h4>We use:<\/h4>\n<ul>\n<li>InDesign CS6<\/li>\n<li>Photoshop CS6<\/li>\n<li>Illustrator CS6<\/li>\n<li>Corel Draw X5<\/li>\n<\/ul>\n<p><strong>WE KEEP OVERPRINTS SET BY THE CLIENT IN THE SUPPLIED DATA<\/strong><\/p>\n<p>In the supplied files we prefer PDF format, which must meet the following parameters:<\/p>\n<table>\n<tbody>\n<tr>\n<th colspan=\"2\">PDF<\/th>\n<\/tr>\n<tr>\n<td>colour model<\/td>\n<td><strong>CMYK or DIRECT colours by PANTONE MATCH. SYSTEM<\/strong><\/td>\n<\/tr>\n<tr>\n<td>shape<\/td>\n<td><strong>composite,<\/strong> do not use transparency, alternatively merge or draw in detail<\/td>\n<\/tr>\n<tr>\n<td>scale<\/td>\n<td><strong>1:1<\/strong><\/td>\n<\/tr>\n<tr>\n<td>resolution<\/td>\n<td><strong>300 Dpi<\/strong><\/td>\n<\/tr>\n<tr>\n<td>text<\/td>\n<td><strong>in curves<\/strong> or <strong>fonts in curves<\/strong><\/td>\n<\/tr>\n<tr>\n<td>for version<\/td>\n<td><strong>Adobe Acrobat 7 or lower, max. PDF 1.6, standard PDF X\/3 : 2003\u00a0v&nbsp;5.0<\/strong><\/td>\n<\/tr>\n<tr>\n<td>overprint<\/td>\n<td><strong>we keep the original setting<\/strong><\/td>\n<\/tr>\n<\/tbody>\n<\/table>\n<p>Vector formats<\/p>\n<table>\n<tbody>\n<tr>\n<th colspan=\"2\">AI, EPS, CDR\u2026<\/th>\n<\/tr>\n<tr>\n<td>colour model<\/td>\n<td><strong>CMYK or DIRECT colours by PANTONE MATCH. SYSTEM<\/strong><\/td>\n<\/tr>\n<tr>\n<td>scale<\/td>\n<td><strong>1:1<\/strong><\/td>\n<\/tr>\n<tr>\n<td>resolution<\/td>\n<td><strong>Inserted bitmap files &#8211; 300 Dpi<\/strong><\/td>\n<\/tr>\n<tr>\n<td>text<\/td>\n<td><strong>in curves<\/strong><\/td>\n<\/tr>\n<tr>\n<td>for version<\/td>\n<td><strong>Adobe Illustrator\u00a0CS6 and lower<br \/>\nCorel Draw X5 and lower<\/strong><\/td>\n<\/tr>\n<tr>\n<td>overprint<\/td>\n<td><strong>we keep the original setting<\/strong><\/td>\n<\/tr>\n<\/tbody>\n<\/table>\n<p>Bitmap formats<\/p>\n<table>\n<tbody>\n<tr>\n<th colspan=\"2\">TIF, PSD, JPEG<\/th>\n<\/tr>\n<tr>\n<td>colour model<\/td>\n<td><strong>CMYK or DIRECT colours by PANTONE MATCH. SYSTEM<\/strong><\/td>\n<\/tr>\n<tr>\n<td>scale<\/td>\n<td><strong>1:1<\/strong><\/td>\n<\/tr>\n<tr>\n<td>resolution<\/td>\n<td><strong>300 Dpi<\/strong><\/td>\n<\/tr>\n<tr>\n<td>quality<\/td>\n<td><strong>Do not use compression (TIF), Use the lowest compression (JPEG)<\/strong><\/td>\n<\/tr>\n<\/tbody>\n<\/table>\n<p>Send files to 10 MB to e-mail: <a href=\"mailto:dtp@fermata.cz\">dtp@fermata.cz<\/a>.<br \/>\nFor the transfer of larger data we will gladly provide you space on our FTP SERVER.<\/p>\n<p>&nbsp;<\/p>\n<p style=\"background-color: #b72d28; text-align: center; padding: 15px 0px 15px 0px;\"><strong><span style=\"color: #ffffff;\">IMPORTANT NOTICE<\/span><\/strong><\/p>\n<p><strong><span style=\"color: #b72d28;\">We recommend the use only high-quality script (font), obtained legally from proven manufacturers \/ dealers, which are intended for print production and are without technical restrictions according to the license conditions.<br \/>\nI.e. We strongly do not recommend the use of free fonts, fonts intended for the web, etc. Otherwise, we cannot guarantee their error-free printing. If these conditions are not followed, we are not responsible for any final print result and issues related with the usage of the bad fonts and any claims cannot be accepted.<\/span><\/strong><\/p>\n<p>&nbsp;<\/p>\n<a class=\"sectionanchor\" id=\"digital-proof\" data-level=\"2\"><\/a>\n<h3>Digital calibrated proof<\/h3>\n<p>Digital proof can be used to improve the outcome of the printing process. Our print is not only printed out perfectly, but also correctly simulates the required FOGRA target profiles (glossy paper, offset paper\u2026). Each print is always measured for the standard with ISO 12647-7:2007. The printing according to the digital calibrated proof can be agreed in advance for a&nbsp;special fee according to specific conditions.<\/p>\n<h4>Spheres of application:<\/h4>\n<ol>\n<li>to check the colours of graphically processed digital data (mainly images)<\/li>\n<li>to check the colour standard of the final print &#8211; especially offset<\/li>\n<\/ol>\n<h4>We use:<\/h4>\n<p>printer Epson Stylus Pro 3880, RIP EFI Colorproof XF, EFI Colorproof XF Color Verifier Option with spectrophotometer EyeOne, material EFI CertProof Paper 6225XF Semimatt<\/p>\n<a class=\"sectionanchor\" id=\"ctp\" data-level=\"2\"><\/a>\n<h3>CTP<\/h3>\n<p>CTP is an acronym for Computer To Plate. It refers to an electronic assembly and preparation of print plates directly from computer, without the use of conventional films as an intermediate step. Another advantage of CTP is a&nbsp;high precision and the ability to reproduce even very bright colours.<\/p>\n<p>We use a&nbsp;fully automatic CTP capable of producing up to 38 photopolymer size B1 metal masters in an hour at 2,400 dpi. We use PRO-V metal masters with lower consumption of chemicals and water for developing.<\/p>\n<a class=\"sectionanchor\" id=\"offset-printing\" data-level=\"1\"><\/a>\n<h2>offset printing<\/h2>\n<p>Offset printing is basically printing from a&nbsp;desktop and indirect printing at the same time. Powerful offset machine ensures that direct printing ink is transferred from a&nbsp;made form (the so-called metal master) first onto a&nbsp;rubber printing roller, and from there directly on a&nbsp;paper. Ink can thus adhere to almost any surface, even if it is not completely smooth. Offset printing allows printing fine details on a&nbsp;lower-quality paper, the printing colour is true and quality even on large coloured surfaces. Offset printing is suitable for larger print runs from hundreds to thousands of pieces up to high print runs \u2013 almost unlimited quantities. A&nbsp;great advantage of offset printing at higher print runs is the low price per piece.<\/p>\n<p>The offset printing machine that we use has five printheads and a&nbsp;coater. This allows us to print using the CMYK process inks and a&nbsp;spot colour (PANTONE, silver and gold, black highlight, etc.) on one print run and also simultaneous coating of the print with dispersive lacquer, and therefore faster processing.<\/p>\n<a class=\"sectionanchor\" id=\"digital-printing\" data-level=\"1\"><\/a>\n<h2>digital printing<\/h2>\n<h3>Fast and cheap low-volume printing<\/h3>\n<p>Digital printing is an ideal choice for a&nbsp;while-you-wait printing from 1 piece. Digital printers allow printing directly from a&nbsp;computer without the need of preparing print metal masters. If you have print data ready, whether from us or you bring your own data in PDF format, having your print-outs from a&nbsp;digital printer will not take longer than just a&nbsp;few minutes.<\/p>\n<p>We can digital print not only digital media covers, but also business cards, corporate stationery, posters and flyers, invitations, announcements, labels.<\/p>\n<p>Digital printer that we use: XEROX iGEN 150 \u2013\u00a0sheet size = 365\u00a0\u00d7\u00a0660mm.<\/p>\n<p>The digital printer that we use has a&nbsp;great advantage in its print format. It allows both printing of more print runs on one sheet and subsequent processing even on standard finishing machines.<\/p>\n<h3>Other benefits of digital printing<\/h3>\n<ul>\n<li>fast production<\/li>\n<li>print from 1 piece<\/li>\n<li>low cost in low volumes<\/li>\n<li>possibility of personification<\/li>\n<li>wide variety of printed materials<\/li>\n<\/ul>\n","protected":false},"excerpt":{"rendered":"<p>pre-printing services DTP We provide comprehensive services including graphic and pre-print preparation. We also provide review of graphic data supplied by you including reviewing the quality of the supplied image files (colour scale, image quality, size etc.) prior to printing. We do not provide grammatical or stylistic proofreading. We use: InDesign CS6 Photoshop CS6 Illustrator [&hellip;]<\/p>\n","protected":false},"author":1,"featured_media":0,"parent":0,"menu_order":20,"comment_status":"closed","ping_status":"closed","template":"single-zpracovani-tisku.php","meta":{"_acf_changed":false,"footnotes":""},"class_list":["post-741","page","type-page","status-publish","hentry"],"acf":[],"yoast_head":"<!-- This site is optimized with the Yoast SEO plugin v25.6 - https:\/\/yoast.com\/wordpress\/plugins\/seo\/ -->\n<title>Printing services - Tisk\u00e1rna FERMATA<\/title>\n<meta name=\"description\" content=\"Printing services - Tisk\u00e1rna FERMATA\" \/>\n<meta name=\"robots\" content=\"index, follow, max-snippet:-1, max-image-preview:large, max-video-preview:-1\" \/>\n<link rel=\"canonical\" href=\"https:\/\/www.tiskarna-fermata.cz\/printing-services\/\" \/>\n<meta property=\"og:locale\" content=\"en_US\" \/>\n<meta property=\"og:type\" content=\"article\" \/>\n<meta property=\"og:title\" content=\"Printing services - Tisk\u00e1rna FERMATA\" \/>\n<meta property=\"og:description\" content=\"Printing services - Tisk\u00e1rna FERMATA\" \/>\n<meta property=\"og:url\" content=\"https:\/\/www.tiskarna-fermata.cz\/printing-services\/\" \/>\n<meta property=\"og:site_name\" content=\"Tisk\u00e1rna FERMATA\" \/>\n<meta property=\"article:modified_time\" content=\"2021-08-18T10:02:33+00:00\" \/>\n<meta name=\"twitter:card\" content=\"summary_large_image\" \/>\n<meta name=\"twitter:label1\" content=\"Est. reading time\" \/>\n\t<meta name=\"twitter:data1\" content=\"4 minutes\" \/>\n<script type=\"application\/ld+json\" class=\"yoast-schema-graph\">{\"@context\":\"https:\/\/schema.org\",\"@graph\":[{\"@type\":\"WebPage\",\"@id\":\"https:\/\/www.tiskarna-fermata.cz\/printing-services\/\",\"url\":\"https:\/\/www.tiskarna-fermata.cz\/printing-services\/\",\"name\":\"Printing services - Tisk\u00e1rna FERMATA\",\"isPartOf\":{\"@id\":\"https:\/\/www.tiskarna-fermata.cz\/#website\"},\"datePublished\":\"2019-01-14T08:19:32+00:00\",\"dateModified\":\"2021-08-18T10:02:33+00:00\",\"description\":\"Printing services - Tisk\u00e1rna FERMATA\",\"breadcrumb\":{\"@id\":\"https:\/\/www.tiskarna-fermata.cz\/printing-services\/#breadcrumb\"},\"inLanguage\":\"en-US\",\"potentialAction\":[{\"@type\":\"ReadAction\",\"target\":[\"https:\/\/www.tiskarna-fermata.cz\/printing-services\/\"]}]},{\"@type\":\"BreadcrumbList\",\"@id\":\"https:\/\/www.tiskarna-fermata.cz\/printing-services\/#breadcrumb\",\"itemListElement\":[{\"@type\":\"ListItem\",\"position\":1,\"name\":\"Home\",\"item\":\"https:\/\/www.print-fermata.eu\/uvod\/\"},{\"@type\":\"ListItem\",\"position\":2,\"name\":\"Printing services\"}]},{\"@type\":\"WebSite\",\"@id\":\"https:\/\/www.tiskarna-fermata.cz\/#website\",\"url\":\"https:\/\/www.tiskarna-fermata.cz\/\",\"name\":\"Tisk\u00e1rna FERMATA\",\"description\":\"Polygrafick\u00e9 slu\u017eby\",\"potentialAction\":[{\"@type\":\"SearchAction\",\"target\":{\"@type\":\"EntryPoint\",\"urlTemplate\":\"https:\/\/www.tiskarna-fermata.cz\/?s={search_term_string}\"},\"query-input\":{\"@type\":\"PropertyValueSpecification\",\"valueRequired\":true,\"valueName\":\"search_term_string\"}}],\"inLanguage\":\"en-US\"}]}<\/script>\n<!-- \/ Yoast SEO plugin. -->","yoast_head_json":{"title":"Printing services - Tisk\u00e1rna FERMATA","description":"Printing services - Tisk\u00e1rna FERMATA","robots":{"index":"index","follow":"follow","max-snippet":"max-snippet:-1","max-image-preview":"max-image-preview:large","max-video-preview":"max-video-preview:-1"},"canonical":"https:\/\/www.tiskarna-fermata.cz\/printing-services\/","og_locale":"en_US","og_type":"article","og_title":"Printing services - Tisk\u00e1rna FERMATA","og_description":"Printing services - Tisk\u00e1rna FERMATA","og_url":"https:\/\/www.tiskarna-fermata.cz\/printing-services\/","og_site_name":"Tisk\u00e1rna FERMATA","article_modified_time":"2021-08-18T10:02:33+00:00","twitter_card":"summary_large_image","twitter_misc":{"Est. reading time":"4 minutes"},"schema":{"@context":"https:\/\/schema.org","@graph":[{"@type":"WebPage","@id":"https:\/\/www.tiskarna-fermata.cz\/printing-services\/","url":"https:\/\/www.tiskarna-fermata.cz\/printing-services\/","name":"Printing services - Tisk\u00e1rna FERMATA","isPartOf":{"@id":"https:\/\/www.tiskarna-fermata.cz\/#website"},"datePublished":"2019-01-14T08:19:32+00:00","dateModified":"2021-08-18T10:02:33+00:00","description":"Printing services - Tisk\u00e1rna FERMATA","breadcrumb":{"@id":"https:\/\/www.tiskarna-fermata.cz\/printing-services\/#breadcrumb"},"inLanguage":"en-US","potentialAction":[{"@type":"ReadAction","target":["https:\/\/www.tiskarna-fermata.cz\/printing-services\/"]}]},{"@type":"BreadcrumbList","@id":"https:\/\/www.tiskarna-fermata.cz\/printing-services\/#breadcrumb","itemListElement":[{"@type":"ListItem","position":1,"name":"Home","item":"https:\/\/www.print-fermata.eu\/uvod\/"},{"@type":"ListItem","position":2,"name":"Printing services"}]},{"@type":"WebSite","@id":"https:\/\/www.tiskarna-fermata.cz\/#website","url":"https:\/\/www.tiskarna-fermata.cz\/","name":"Tisk\u00e1rna FERMATA","description":"Polygrafick\u00e9 slu\u017eby","potentialAction":[{"@type":"SearchAction","target":{"@type":"EntryPoint","urlTemplate":"https:\/\/www.tiskarna-fermata.cz\/?s={search_term_string}"},"query-input":{"@type":"PropertyValueSpecification","valueRequired":true,"valueName":"search_term_string"}}],"inLanguage":"en-US"}]}},"_links":{"self":[{"href":"https:\/\/www.tiskarna-fermata.cz\/en\/wp-json\/wp\/v2\/pages\/741","targetHints":{"allow":["GET"]}}],"collection":[{"href":"https:\/\/www.tiskarna-fermata.cz\/en\/wp-json\/wp\/v2\/pages"}],"about":[{"href":"https:\/\/www.tiskarna-fermata.cz\/en\/wp-json\/wp\/v2\/types\/page"}],"author":[{"embeddable":true,"href":"https:\/\/www.tiskarna-fermata.cz\/en\/wp-json\/wp\/v2\/users\/1"}],"replies":[{"embeddable":true,"href":"https:\/\/www.tiskarna-fermata.cz\/en\/wp-json\/wp\/v2\/comments?post=741"}],"version-history":[{"count":8,"href":"https:\/\/www.tiskarna-fermata.cz\/en\/wp-json\/wp\/v2\/pages\/741\/revisions"}],"predecessor-version":[{"id":1500,"href":"https:\/\/www.tiskarna-fermata.cz\/en\/wp-json\/wp\/v2\/pages\/741\/revisions\/1500"}],"wp:attachment":[{"href":"https:\/\/www.tiskarna-fermata.cz\/en\/wp-json\/wp\/v2\/media?parent=741"}],"curies":[{"name":"wp","href":"https:\/\/api.w.org\/{rel}","templated":true}]}}