{"id":750,"date":"2019-01-14T10:47:39","date_gmt":"2019-01-14T08:47:39","guid":{"rendered":"https:\/\/www.tiskarna-fermata.cz\/?page_id=750\/"},"modified":"2019-01-14T15:34:53","modified_gmt":"2019-01-14T13:34:53","slug":"cardboard-products","status":"publish","type":"page","link":"https:\/\/www.tiskarna-fermata.cz\/en\/products\/cardboard-products\/","title":{"rendered":"Cardboard products"},"content":{"rendered":"<a class=\"sectionanchor\" id=\"wine-boxes\" data-level=\"1\"><\/a>\n<h2>wine boxes<\/h2>\n<p>Production of wine boxes by a&nbsp;design supplied by you. We also offer all graphic works and services for the creation and processing of your sources, we will prepare a&nbsp;design according to your wishes.<br \/>\nThe production is normally realized of smooth, corrugated and laminated cardboard.<br \/>\nBoxes can be for one, two, three and six bottles of wine.<br \/>\nWe can offer the wine boxes with a&nbsp;print &#8211; 1 or more colour (full colour) printing, logo, business address, recycling symbols and other features.<\/p>\n<div class=\"gallery\">\n            <div class=\"gallery-item\">\n        <a href=\"https:\/\/www.tiskarna-fermata.cz\/wp-content\/uploads\/2017\/10\/krabice_na_vino.jpg\" title=\"Krabice na v\u00edno\" rel=\"lightbox\">\n            <img decoding=\"async\" src=\"https:\/\/www.tiskarna-fermata.cz\/wp-content\/uploads\/2017\/10\/krabice_na_vino-350x350.jpg\" alt=\"krabice na v\u00edno hn\u011bd\u00e1\" class=\"img-responsive\">\n            <span class=\"overlay\" style=\"background-image:url(https:\/\/www.tiskarna-fermata.cz\/wp-content\/uploads\/2017\/10\/krabice_na_vino-350x350.jpg)\">\n                <span class=\"overlay-content\">\n                    <span class=\"glyphicon glyphicon-search\"><\/span>\n                <\/span>\n            <\/span>\n        <\/a>\n    <\/div>\n            <div class=\"gallery-item\">\n        <a href=\"https:\/\/www.tiskarna-fermata.cz\/wp-content\/uploads\/2017\/10\/krabice_na_vino_2.jpg\" title=\"\" rel=\"lightbox\">\n            <img decoding=\"async\" src=\"https:\/\/www.tiskarna-fermata.cz\/wp-content\/uploads\/2017\/10\/krabice_na_vino_2-350x350.jpg\" alt=\"krabice na v\u00edno  barevn\u00e9\" class=\"img-responsive\">\n            <span class=\"overlay\" style=\"background-image:url(https:\/\/www.tiskarna-fermata.cz\/wp-content\/uploads\/2017\/10\/krabice_na_vino_2-350x350.jpg)\">\n                <span class=\"overlay-content\">\n                    <span class=\"glyphicon glyphicon-search\"><\/span>\n                <\/span>\n            <\/span>\n        <\/a>\n    <\/div>\n        <div class=\"clearfix\"><\/div>\n<\/div>\n<a class=\"sectionanchor\" id=\"coated-box-clamshell\" data-level=\"1\"><\/a>\n<h2>coated box (clamshell)<\/h2>\n<p>Production of coated boxes. The corpus material for the production of coated box is smooth machine cardboard with a&nbsp;weight of 600 to 1250 g\/m2. For luxurious versions the white\/white cardboard from 1000 to 1,200 g\/m2 is most suitable. The material for the coating is typically made of glossy paper of 90 to 200 g\/m2 grammage, as well as buckram of different colour shades, flocked materials (velvet surface), or metallic foils. The inside of the box can also be coated in the same or another coating material.<\/p>\n<p>For more luxury boxes flocked paper, velvet or silk or other die-cut inserts (2D and 3D) can be used for the inserts.<\/p>\n<p>A window can be cut in the lid of the box and transparent film glued in.<\/p>\n<a class=\"sectionanchor\" id=\"printed-boxes\" data-level=\"1\"><\/a>\n<h2>printed boxes<\/h2>\n<p>Standard production is carried out from white\/gray or white\/white cardboard of different weights according to customer requirements. This cover enables full-colour printing and application of different finishes:<\/p>\n<ul>\n<li>coating with shiny or matt machine varnish,<\/li>\n<li>application of shiny and matt lamination,<\/li>\n<li>application of partial lacquer (PUV).<\/li>\n<\/ul>\n<p>It is also possible to combine with:<\/p>\n<ul>\n<li><a href=\"\/print-processing\/#blind-embossing\">blind embossing (also Braille),<\/a><\/li>\n<li><a href=\"\/print-processing\/#hot-embossing\">hot embossing,<\/a><\/li>\n<li><a href=\"\/print-processing\/#blind-embossing\">multi-level stamping\/blind embossing,<\/a><\/li>\n<li><a href=\"\/print-processing\/#effect-uv-paints\">luminescent paints,<\/a><\/li>\n<li><a href=\"\/print-processing\/#effect-uv-paints\">phosphorescent lacquers,<\/a><\/li>\n<li><a href=\"\/print-processing\/#uv-coating\">embossing lacquers,<\/a><\/li>\n<li><a href=\"\/print-processing\/#effect-uv-paints\">scent imitating varnishes,<\/a><\/li>\n<li><a href=\"\/print-processing\/#glitters-and-pearls\">varnishes with glitters,<\/a><\/li>\n<li><a href=\"\/print-processing\/#cut-out\">individual cut-outs.<\/a><\/li>\n<\/ul>\n<div class=\"gallery\">\n            <div class=\"gallery-item\">\n        <a href=\"https:\/\/www.tiskarna-fermata.cz\/wp-content\/uploads\/2017\/10\/potistena_krabicka.jpg\" title=\"\" rel=\"lightbox\">\n            <img decoding=\"async\" src=\"https:\/\/www.tiskarna-fermata.cz\/wp-content\/uploads\/2017\/10\/potistena_krabicka-350x350.jpg\" alt=\"poti\u0161t\u011bn\u00e1 krabi\u010dka na zbo\u017e\u00ed\" class=\"img-responsive\">\n            <span class=\"overlay\" style=\"background-image:url(https:\/\/www.tiskarna-fermata.cz\/wp-content\/uploads\/2017\/10\/potistena_krabicka-350x350.jpg)\">\n                <span class=\"overlay-content\">\n                    <span class=\"glyphicon glyphicon-search\"><\/span>\n                <\/span>\n            <\/span>\n        <\/a>\n    <\/div>\n            <div class=\"gallery-item\">\n        <a href=\"https:\/\/www.tiskarna-fermata.cz\/wp-content\/uploads\/2017\/10\/potistena_krabicka_6.jpg\" title=\"Poti\u0161t\u011bn\u00e9 krabi\u010dky\" rel=\"lightbox\">\n            <img decoding=\"async\" src=\"https:\/\/www.tiskarna-fermata.cz\/wp-content\/uploads\/2017\/10\/potistena_krabicka_6-350x350.jpg\" alt=\"Poti\u0161t\u011bn\u00e1 krabi\u010dka na textil\" class=\"img-responsive\">\n            <span class=\"overlay\" style=\"background-image:url(https:\/\/www.tiskarna-fermata.cz\/wp-content\/uploads\/2017\/10\/potistena_krabicka_6-350x350.jpg)\">\n                <span class=\"overlay-content\">\n                    <span class=\"glyphicon glyphicon-search\"><\/span>\n                <\/span>\n            <\/span>\n        <\/a>\n    <\/div>\n            <div class=\"gallery-item\">\n        <a href=\"https:\/\/www.tiskarna-fermata.cz\/wp-content\/uploads\/2017\/10\/potistena_krabicka_3.jpg\" title=\"\" rel=\"lightbox\">\n            <img decoding=\"async\" src=\"https:\/\/www.tiskarna-fermata.cz\/wp-content\/uploads\/2017\/10\/potistena_krabicka_3-350x350.jpg\" alt=\"Krabi\u010dka s potiskem na k\u00e1vu\" class=\"img-responsive\">\n            <span class=\"overlay\" style=\"background-image:url(https:\/\/www.tiskarna-fermata.cz\/wp-content\/uploads\/2017\/10\/potistena_krabicka_3-350x350.jpg)\">\n                <span class=\"overlay-content\">\n                    <span class=\"glyphicon glyphicon-search\"><\/span>\n                <\/span>\n            <\/span>\n        <\/a>\n    <\/div>\n        <div class=\"clearfix\"><\/div>\n<\/div>\n","protected":false},"excerpt":{"rendered":"<p>wine boxes Production of wine boxes by a&nbsp;design supplied by you. We also offer all graphic works and services for the creation and processing of your sources, we will prepare a&nbsp;design according to your wishes. The production is normally realized of smooth, corrugated and laminated cardboard. Boxes can be for one, two, three and six [&hellip;]<\/p>\n","protected":false},"author":1,"featured_media":0,"parent":746,"menu_order":30,"comment_status":"closed","ping_status":"closed","template":"","meta":{"_acf_changed":false,"footnotes":""},"class_list":["post-750","page","type-page","status-publish","hentry"],"acf":[],"yoast_head":"<!-- This site is optimized with the Yoast SEO plugin v25.6 - https:\/\/yoast.com\/wordpress\/plugins\/seo\/ -->\n<title>Cardboard products - Tisk\u00e1rna FERMATA<\/title>\n<meta name=\"description\" content=\"Cardboard products - Tisk\u00e1rna FERMATA\" \/>\n<meta name=\"robots\" content=\"index, follow, max-snippet:-1, max-image-preview:large, max-video-preview:-1\" \/>\n<link rel=\"canonical\" href=\"https:\/\/www.tiskarna-fermata.cz\/products\/cardboard-products\/\" \/>\n<meta property=\"og:locale\" content=\"en_US\" \/>\n<meta property=\"og:type\" content=\"article\" \/>\n<meta property=\"og:title\" content=\"Cardboard products - Tisk\u00e1rna FERMATA\" \/>\n<meta property=\"og:description\" content=\"Cardboard products - Tisk\u00e1rna FERMATA\" \/>\n<meta property=\"og:url\" content=\"https:\/\/www.tiskarna-fermata.cz\/products\/cardboard-products\/\" \/>\n<meta property=\"og:site_name\" content=\"Tisk\u00e1rna FERMATA\" \/>\n<meta property=\"article:modified_time\" content=\"2019-01-14T13:34:53+00:00\" \/>\n<meta property=\"og:image\" content=\"https:\/\/www.tiskarna-fermata.cz\/wp-content\/uploads\/2017\/10\/krabice_na_vino-350x350.jpg\" \/>\n<meta name=\"twitter:card\" content=\"summary_large_image\" \/>\n<meta name=\"twitter:label1\" content=\"Est. reading time\" \/>\n\t<meta name=\"twitter:data1\" content=\"2 minutes\" \/>\n<script type=\"application\/ld+json\" class=\"yoast-schema-graph\">{\"@context\":\"https:\/\/schema.org\",\"@graph\":[{\"@type\":\"WebPage\",\"@id\":\"https:\/\/www.tiskarna-fermata.cz\/products\/cardboard-products\/\",\"url\":\"https:\/\/www.tiskarna-fermata.cz\/products\/cardboard-products\/\",\"name\":\"Cardboard products - Tisk\u00e1rna FERMATA\",\"isPartOf\":{\"@id\":\"https:\/\/www.tiskarna-fermata.cz\/#website\"},\"datePublished\":\"2019-01-14T08:47:39+00:00\",\"dateModified\":\"2019-01-14T13:34:53+00:00\",\"description\":\"Cardboard products - Tisk\u00e1rna FERMATA\",\"breadcrumb\":{\"@id\":\"https:\/\/www.tiskarna-fermata.cz\/products\/cardboard-products\/#breadcrumb\"},\"inLanguage\":\"en-US\",\"potentialAction\":[{\"@type\":\"ReadAction\",\"target\":[\"https:\/\/www.tiskarna-fermata.cz\/products\/cardboard-products\/\"]}]},{\"@type\":\"BreadcrumbList\",\"@id\":\"https:\/\/www.tiskarna-fermata.cz\/products\/cardboard-products\/#breadcrumb\",\"itemListElement\":[{\"@type\":\"ListItem\",\"position\":1,\"name\":\"Home\",\"item\":\"https:\/\/www.print-fermata.eu\/uvod\/\"},{\"@type\":\"ListItem\",\"position\":2,\"name\":\"Products\",\"item\":\"https:\/\/www.tiskarna-fermata.cz\/products\/\"},{\"@type\":\"ListItem\",\"position\":3,\"name\":\"Cardboard products\"}]},{\"@type\":\"WebSite\",\"@id\":\"https:\/\/www.tiskarna-fermata.cz\/#website\",\"url\":\"https:\/\/www.tiskarna-fermata.cz\/\",\"name\":\"Tisk\u00e1rna FERMATA\",\"description\":\"Polygrafick\u00e9 slu\u017eby\",\"potentialAction\":[{\"@type\":\"SearchAction\",\"target\":{\"@type\":\"EntryPoint\",\"urlTemplate\":\"https:\/\/www.tiskarna-fermata.cz\/?s={search_term_string}\"},\"query-input\":{\"@type\":\"PropertyValueSpecification\",\"valueRequired\":true,\"valueName\":\"search_term_string\"}}],\"inLanguage\":\"en-US\"}]}<\/script>\n<!-- \/ Yoast SEO plugin. -->","yoast_head_json":{"title":"Cardboard products - Tisk\u00e1rna FERMATA","description":"Cardboard products - Tisk\u00e1rna FERMATA","robots":{"index":"index","follow":"follow","max-snippet":"max-snippet:-1","max-image-preview":"max-image-preview:large","max-video-preview":"max-video-preview:-1"},"canonical":"https:\/\/www.tiskarna-fermata.cz\/products\/cardboard-products\/","og_locale":"en_US","og_type":"article","og_title":"Cardboard products - Tisk\u00e1rna FERMATA","og_description":"Cardboard products - Tisk\u00e1rna FERMATA","og_url":"https:\/\/www.tiskarna-fermata.cz\/products\/cardboard-products\/","og_site_name":"Tisk\u00e1rna FERMATA","article_modified_time":"2019-01-14T13:34:53+00:00","og_image":[{"url":"https:\/\/www.tiskarna-fermata.cz\/wp-content\/uploads\/2017\/10\/krabice_na_vino-350x350.jpg","type":"","width":"","height":""}],"twitter_card":"summary_large_image","twitter_misc":{"Est. reading time":"2 minutes"},"schema":{"@context":"https:\/\/schema.org","@graph":[{"@type":"WebPage","@id":"https:\/\/www.tiskarna-fermata.cz\/products\/cardboard-products\/","url":"https:\/\/www.tiskarna-fermata.cz\/products\/cardboard-products\/","name":"Cardboard products - Tisk\u00e1rna FERMATA","isPartOf":{"@id":"https:\/\/www.tiskarna-fermata.cz\/#website"},"datePublished":"2019-01-14T08:47:39+00:00","dateModified":"2019-01-14T13:34:53+00:00","description":"Cardboard products - Tisk\u00e1rna FERMATA","breadcrumb":{"@id":"https:\/\/www.tiskarna-fermata.cz\/products\/cardboard-products\/#breadcrumb"},"inLanguage":"en-US","potentialAction":[{"@type":"ReadAction","target":["https:\/\/www.tiskarna-fermata.cz\/products\/cardboard-products\/"]}]},{"@type":"BreadcrumbList","@id":"https:\/\/www.tiskarna-fermata.cz\/products\/cardboard-products\/#breadcrumb","itemListElement":[{"@type":"ListItem","position":1,"name":"Home","item":"https:\/\/www.print-fermata.eu\/uvod\/"},{"@type":"ListItem","position":2,"name":"Products","item":"https:\/\/www.tiskarna-fermata.cz\/products\/"},{"@type":"ListItem","position":3,"name":"Cardboard products"}]},{"@type":"WebSite","@id":"https:\/\/www.tiskarna-fermata.cz\/#website","url":"https:\/\/www.tiskarna-fermata.cz\/","name":"Tisk\u00e1rna FERMATA","description":"Polygrafick\u00e9 slu\u017eby","potentialAction":[{"@type":"SearchAction","target":{"@type":"EntryPoint","urlTemplate":"https:\/\/www.tiskarna-fermata.cz\/?s={search_term_string}"},"query-input":{"@type":"PropertyValueSpecification","valueRequired":true,"valueName":"search_term_string"}}],"inLanguage":"en-US"}]}},"_links":{"self":[{"href":"https:\/\/www.tiskarna-fermata.cz\/en\/wp-json\/wp\/v2\/pages\/750","targetHints":{"allow":["GET"]}}],"collection":[{"href":"https:\/\/www.tiskarna-fermata.cz\/en\/wp-json\/wp\/v2\/pages"}],"about":[{"href":"https:\/\/www.tiskarna-fermata.cz\/en\/wp-json\/wp\/v2\/types\/page"}],"author":[{"embeddable":true,"href":"https:\/\/www.tiskarna-fermata.cz\/en\/wp-json\/wp\/v2\/users\/1"}],"replies":[{"embeddable":true,"href":"https:\/\/www.tiskarna-fermata.cz\/en\/wp-json\/wp\/v2\/comments?post=750"}],"version-history":[{"count":5,"href":"https:\/\/www.tiskarna-fermata.cz\/en\/wp-json\/wp\/v2\/pages\/750\/revisions"}],"predecessor-version":[{"id":786,"href":"https:\/\/www.tiskarna-fermata.cz\/en\/wp-json\/wp\/v2\/pages\/750\/revisions\/786"}],"up":[{"embeddable":true,"href":"https:\/\/www.tiskarna-fermata.cz\/en\/wp-json\/wp\/v2\/pages\/746"}],"wp:attachment":[{"href":"https:\/\/www.tiskarna-fermata.cz\/en\/wp-json\/wp\/v2\/media?parent=750"}],"curies":[{"name":"wp","href":"https:\/\/api.w.org\/{rel}","templated":true}]}}